{"id":5334,"date":"2014-12-05T11:25:21","date_gmt":"2014-12-05T10:25:21","guid":{"rendered":"https:\/\/blog.myvideomedia.com\/?page_id=5334"},"modified":"2020-07-13T14:07:52","modified_gmt":"2020-07-13T13:07:52","slug":"media-pr-2","status":"publish","type":"page","link":"https:\/\/blog.myvideomedia.com\/de\/media-pr-2\/","title":{"rendered":"Media &#038; PR"},"content":{"rendered":"\n<p><strong>Herzlich Willkommen<\/strong>,<\/p>\n\n\n\n<p>wir freuen uns, dass Sie den Weg auf unseren Reise Video Blog gefunden haben. Wir gehen davon aus, dass Sie sich etwas umgeschaut haben und eventuell \u00fcber eine Zusammenarbeit nachdenken.<\/p>\n\n\n\n<p><strong>Wir bieten<\/strong><\/p>\n\n\n\n<ul class=\"wp-block-list\"><li>Videoportr\u00e4ts in h\u00f6chster HD-Qualit\u00e4t \u00fcber Reiseziele, Hotels und Attraktionen.  Alleine \u00fcber unseren <a aria-label=\"YouTube-Kanal (\u00f6ffnet in neuem Tab)\" rel=\"noreferrer noopener\" href=\"https:\/\/www.youtube.com\/user\/myVideoMedia1\" target=\"_blank\">YouTube-Kanal<\/a> erreichen wir monatlich mehr als 106.000 Besucher weltweit<\/li><li>Verbreitung von Videos und Fotos \u00fcber unsere sozialen Netzwerke  Twitter, Pinterest, Instagram, Facebook, u.\u00e4<\/li><\/ul>\n\n\n\n<p>Gewerblicher Linktausch, Artikeltausch oder \u00e4hnliches ist nicht erw\u00fcnscht!<\/p>\n\n\n\n<p><strong>Kooperationsm\u00f6glichkeiten<\/strong><\/p>\n\n\n\n<p>Kooperationen sollten thematisch gut zum Thema Reise passen, denn das Interesse unserer Zuschauer und Leser liegt uns am Herzen. Wir freuen uns \u00fcber Kooperationen mit Tourismusverb\u00e4nden, Fremdenverkehrs\u00e4mtern, Destinationen, Unterk\u00fcnften, Reise- und Event-Veranstaltern.<\/p>\n\n\n\n<ul class=\"wp-block-list\"><li>Partnerschaften<\/li><li>Recherchereisen von Tourismusb\u00fcros, Reiseveranstaltern, Hotels<\/li><\/ul>\n\n\n\n<p>Weitere Informationen, sowie Zahlen und Fakten finden sie in unserem Media kit.<\/p>\n\n\n\n<p>Sie erhalten das komplette Media Kitauf Anforderung. Bitte <a href=\"\/?page_id=15463\">kontaktierne Sie uns<\/a> <\/p>\n\n\n\n<p>Wir freuen uns auf Ihre Anfrage.<\/p>\n","protected":false},"excerpt":{"rendered":"<p>Herzlich Willkommen, wir freuen uns, dass Sie den Weg auf unseren Reise Video Blog gefunden haben. Wir gehen davon aus, dass Sie sich etwas umgeschaut haben und eventuell \u00fcber eine Zusammenarbeit nachdenken. Wir bieten Videoportr\u00e4ts in h\u00f6chster HD-Qualit\u00e4t \u00fcber Reiseziele, Hotels und Attraktionen. Alleine \u00fcber unseren YouTube-Kanal erreichen wir monatlich mehr als 106.000 Besucher weltweit [&hellip;]<\/p>\n","protected":false},"author":1,"featured_media":0,"parent":0,"menu_order":0,"comment_status":"open","ping_status":"closed","template":"","meta":{"_genesis_hide_title":false,"_genesis_hide_breadcrumbs":false,"_genesis_hide_singular_image":false,"_genesis_hide_footer_widgets":false,"_genesis_custom_body_class":"","_genesis_custom_post_class":"","_genesis_layout":"","footnotes":""},"class_list":{"0":"post-5334","1":"page","2":"type-page","3":"status-publish","5":"entry"},"yoast_head":"<!-- This site is optimized with the Yoast SEO plugin v27.4 - https:\/\/yoast.com\/product\/yoast-seo-wordpress\/ -->\n<title>Media &amp; PR - Reise Video Blog<\/title>\n<meta name=\"description\" content=\"Wir bieten Reise Videoportr\u00e4ts in h\u00f6chster HD-Qualit\u00e4t. Alleine \u00fcber unseren YouTube-Kanal erreichen wir monatlich mehr als 106.000 Besucher weltweit\" \/>\n<meta name=\"robots\" content=\"index, follow, max-snippet:-1, max-image-preview:large, max-video-preview:-1\" \/>\n<link rel=\"canonical\" href=\"https:\/\/blog.myvideomedia.com\/de\/media-pr-2\/\" \/>\n<meta property=\"og:locale\" content=\"de_DE\" \/>\n<meta property=\"og:type\" content=\"article\" \/>\n<meta property=\"og:title\" content=\"Media &amp; PR - Reise Video Blog\" \/>\n<meta property=\"og:description\" content=\"Wir bieten Reise Videoportr\u00e4ts in h\u00f6chster HD-Qualit\u00e4t. Alleine \u00fcber unseren YouTube-Kanal erreichen wir monatlich mehr als 106.000 Besucher weltweit\" \/>\n<meta property=\"og:url\" content=\"https:\/\/blog.myvideomedia.com\/de\/media-pr-2\/\" \/>\n<meta property=\"og:site_name\" content=\"Reise Video Blog\" \/>\n<meta property=\"article:publisher\" content=\"https:\/\/www.facebook.com\/ursula.streit.520\" \/>\n<meta property=\"article:modified_time\" content=\"2020-07-13T13:07:52+00:00\" \/>\n<meta name=\"twitter:card\" content=\"summary_large_image\" \/>\n<meta name=\"twitter:site\" content=\"@myvideomedia\" \/>\n<meta name=\"twitter:label1\" content=\"Gesch\u00e4tzte Lesezeit\" \/>\n\t<meta name=\"twitter:data1\" content=\"1\u00a0Minute\" \/>\n<script type=\"application\/ld+json\" class=\"yoast-schema-graph\">{\"@context\":\"https:\\\/\\\/schema.org\",\"@graph\":[{\"@type\":\"WebPage\",\"@id\":\"https:\\\/\\\/blog.myvideomedia.com\\\/de\\\/media-pr-2\\\/\",\"url\":\"https:\\\/\\\/blog.myvideomedia.com\\\/de\\\/media-pr-2\\\/\",\"name\":\"Media & PR - Reise Video Blog\",\"isPartOf\":{\"@id\":\"https:\\\/\\\/blog.myvideomedia.com\\\/de\\\/#website\"},\"datePublished\":\"2014-12-05T10:25:21+00:00\",\"dateModified\":\"2020-07-13T13:07:52+00:00\",\"description\":\"Wir bieten Reise Videoportr\u00e4ts in h\u00f6chster HD-Qualit\u00e4t. Alleine \u00fcber unseren YouTube-Kanal erreichen wir monatlich mehr als 106.000 Besucher weltweit\",\"breadcrumb\":{\"@id\":\"https:\\\/\\\/blog.myvideomedia.com\\\/de\\\/media-pr-2\\\/#breadcrumb\"},\"inLanguage\":\"de\",\"potentialAction\":[{\"@type\":\"ReadAction\",\"target\":[\"https:\\\/\\\/blog.myvideomedia.com\\\/de\\\/media-pr-2\\\/\"]}]},{\"@type\":\"BreadcrumbList\",\"@id\":\"https:\\\/\\\/blog.myvideomedia.com\\\/de\\\/media-pr-2\\\/#breadcrumb\",\"itemListElement\":[{\"@type\":\"ListItem\",\"position\":1,\"name\":\"Home\",\"item\":\"https:\\\/\\\/blog.myvideomedia.com\\\/de\\\/\"},{\"@type\":\"ListItem\",\"position\":2,\"name\":\"Media &#038; PR\"}]},{\"@type\":\"WebSite\",\"@id\":\"https:\\\/\\\/blog.myvideomedia.com\\\/de\\\/#website\",\"url\":\"https:\\\/\\\/blog.myvideomedia.com\\\/de\\\/\",\"name\":\"Travel Video Blog\",\"description\":\"myVideoMedia Reisetipps und Reisevideos\",\"publisher\":{\"@id\":\"https:\\\/\\\/blog.myvideomedia.com\\\/de\\\/#\\\/schema\\\/person\\\/87be8fbbed69b1562242448c1c3dcbec\"},\"potentialAction\":[{\"@type\":\"SearchAction\",\"target\":{\"@type\":\"EntryPoint\",\"urlTemplate\":\"https:\\\/\\\/blog.myvideomedia.com\\\/de\\\/?s={search_term_string}\"},\"query-input\":{\"@type\":\"PropertyValueSpecification\",\"valueRequired\":true,\"valueName\":\"search_term_string\"}}],\"inLanguage\":\"de\"},{\"@type\":[\"Person\",\"Organization\"],\"@id\":\"https:\\\/\\\/blog.myvideomedia.com\\\/de\\\/#\\\/schema\\\/person\\\/87be8fbbed69b1562242448c1c3dcbec\",\"name\":\"myVideoMedia\",\"image\":{\"@type\":\"ImageObject\",\"inLanguage\":\"de\",\"@id\":\"https:\\\/\\\/secure.gravatar.com\\\/avatar\\\/460720160715ef8975b781abd1b6985e55ce2f01567bb6757bebd73e7cf74c97?s=96&d=mm&r=g\",\"url\":\"https:\\\/\\\/secure.gravatar.com\\\/avatar\\\/460720160715ef8975b781abd1b6985e55ce2f01567bb6757bebd73e7cf74c97?s=96&d=mm&r=g\",\"contentUrl\":\"https:\\\/\\\/secure.gravatar.com\\\/avatar\\\/460720160715ef8975b781abd1b6985e55ce2f01567bb6757bebd73e7cf74c97?s=96&d=mm&r=g\",\"caption\":\"myVideoMedia\"},\"logo\":{\"@id\":\"https:\\\/\\\/secure.gravatar.com\\\/avatar\\\/460720160715ef8975b781abd1b6985e55ce2f01567bb6757bebd73e7cf74c97?s=96&d=mm&r=g\"},\"description\":\"\\\"The World is a book, and those who do not travel read only a page\\\" - Aurelius Augustinus (354 - 430 AD) Travel is our passion. With our posts and videos we like to inspire people who are planning or preparing for holidays as well as people who simply want to escape from everyday life and dream of faraway countries.\",\"sameAs\":[\"https:\\\/\\\/www.myvideomedia.com\",\"https:\\\/\\\/www.facebook.com\\\/ursula.streit.520\"]}]}<\/script>\n<!-- \/ Yoast SEO plugin. -->","yoast_head_json":{"title":"Media & PR - Reise Video Blog","description":"Wir bieten Reise Videoportr\u00e4ts in h\u00f6chster HD-Qualit\u00e4t. Alleine \u00fcber unseren YouTube-Kanal erreichen wir monatlich mehr als 106.000 Besucher weltweit","robots":{"index":"index","follow":"follow","max-snippet":"max-snippet:-1","max-image-preview":"max-image-preview:large","max-video-preview":"max-video-preview:-1"},"canonical":"https:\/\/blog.myvideomedia.com\/de\/media-pr-2\/","og_locale":"de_DE","og_type":"article","og_title":"Media & PR - Reise Video Blog","og_description":"Wir bieten Reise Videoportr\u00e4ts in h\u00f6chster HD-Qualit\u00e4t. Alleine \u00fcber unseren YouTube-Kanal erreichen wir monatlich mehr als 106.000 Besucher weltweit","og_url":"https:\/\/blog.myvideomedia.com\/de\/media-pr-2\/","og_site_name":"Reise Video Blog","article_publisher":"https:\/\/www.facebook.com\/ursula.streit.520","article_modified_time":"2020-07-13T13:07:52+00:00","twitter_card":"summary_large_image","twitter_site":"@myvideomedia","twitter_misc":{"Gesch\u00e4tzte Lesezeit":"1\u00a0Minute"},"schema":{"@context":"https:\/\/schema.org","@graph":[{"@type":"WebPage","@id":"https:\/\/blog.myvideomedia.com\/de\/media-pr-2\/","url":"https:\/\/blog.myvideomedia.com\/de\/media-pr-2\/","name":"Media & PR - Reise Video Blog","isPartOf":{"@id":"https:\/\/blog.myvideomedia.com\/de\/#website"},"datePublished":"2014-12-05T10:25:21+00:00","dateModified":"2020-07-13T13:07:52+00:00","description":"Wir bieten Reise Videoportr\u00e4ts in h\u00f6chster HD-Qualit\u00e4t. Alleine \u00fcber unseren YouTube-Kanal erreichen wir monatlich mehr als 106.000 Besucher weltweit","breadcrumb":{"@id":"https:\/\/blog.myvideomedia.com\/de\/media-pr-2\/#breadcrumb"},"inLanguage":"de","potentialAction":[{"@type":"ReadAction","target":["https:\/\/blog.myvideomedia.com\/de\/media-pr-2\/"]}]},{"@type":"BreadcrumbList","@id":"https:\/\/blog.myvideomedia.com\/de\/media-pr-2\/#breadcrumb","itemListElement":[{"@type":"ListItem","position":1,"name":"Home","item":"https:\/\/blog.myvideomedia.com\/de\/"},{"@type":"ListItem","position":2,"name":"Media &#038; PR"}]},{"@type":"WebSite","@id":"https:\/\/blog.myvideomedia.com\/de\/#website","url":"https:\/\/blog.myvideomedia.com\/de\/","name":"Travel Video Blog","description":"myVideoMedia Reisetipps und Reisevideos","publisher":{"@id":"https:\/\/blog.myvideomedia.com\/de\/#\/schema\/person\/87be8fbbed69b1562242448c1c3dcbec"},"potentialAction":[{"@type":"SearchAction","target":{"@type":"EntryPoint","urlTemplate":"https:\/\/blog.myvideomedia.com\/de\/?s={search_term_string}"},"query-input":{"@type":"PropertyValueSpecification","valueRequired":true,"valueName":"search_term_string"}}],"inLanguage":"de"},{"@type":["Person","Organization"],"@id":"https:\/\/blog.myvideomedia.com\/de\/#\/schema\/person\/87be8fbbed69b1562242448c1c3dcbec","name":"myVideoMedia","image":{"@type":"ImageObject","inLanguage":"de","@id":"https:\/\/secure.gravatar.com\/avatar\/460720160715ef8975b781abd1b6985e55ce2f01567bb6757bebd73e7cf74c97?s=96&d=mm&r=g","url":"https:\/\/secure.gravatar.com\/avatar\/460720160715ef8975b781abd1b6985e55ce2f01567bb6757bebd73e7cf74c97?s=96&d=mm&r=g","contentUrl":"https:\/\/secure.gravatar.com\/avatar\/460720160715ef8975b781abd1b6985e55ce2f01567bb6757bebd73e7cf74c97?s=96&d=mm&r=g","caption":"myVideoMedia"},"logo":{"@id":"https:\/\/secure.gravatar.com\/avatar\/460720160715ef8975b781abd1b6985e55ce2f01567bb6757bebd73e7cf74c97?s=96&d=mm&r=g"},"description":"\"The World is a book, and those who do not travel read only a page\" - Aurelius Augustinus (354 - 430 AD) Travel is our passion. With our posts and videos we like to inspire people who are planning or preparing for holidays as well as people who simply want to escape from everyday life and dream of faraway countries.","sameAs":["https:\/\/www.myvideomedia.com","https:\/\/www.facebook.com\/ursula.streit.520"]}]}},"featured_image_src":null,"featured_image_src_square":null,"_links":{"self":[{"href":"https:\/\/blog.myvideomedia.com\/de\/wp-json\/wp\/v2\/pages\/5334","targetHints":{"allow":["GET"]}}],"collection":[{"href":"https:\/\/blog.myvideomedia.com\/de\/wp-json\/wp\/v2\/pages"}],"about":[{"href":"https:\/\/blog.myvideomedia.com\/de\/wp-json\/wp\/v2\/types\/page"}],"author":[{"embeddable":true,"href":"https:\/\/blog.myvideomedia.com\/de\/wp-json\/wp\/v2\/users\/1"}],"replies":[{"embeddable":true,"href":"https:\/\/blog.myvideomedia.com\/de\/wp-json\/wp\/v2\/comments?post=5334"}],"version-history":[{"count":0,"href":"https:\/\/blog.myvideomedia.com\/de\/wp-json\/wp\/v2\/pages\/5334\/revisions"}],"wp:attachment":[{"href":"https:\/\/blog.myvideomedia.com\/de\/wp-json\/wp\/v2\/media?parent=5334"}],"curies":[{"name":"wp","href":"https:\/\/api.w.org\/{rel}","templated":true}]}}